{"id":1791,"date":"2024-09-06T07:29:24","date_gmt":"2024-09-06T12:29:24","guid":{"rendered":"https:\/\/thelincolncenter.com\/?page_id=1791"},"modified":"2025-11-11T08:16:22","modified_gmt":"2025-11-11T14:16:22","slug":"home","status":"publish","type":"page","link":"https:\/\/wellwithtlc.com\/es\/","title":{"rendered":"Hogar"},"content":{"rendered":"<h1>\n\t\t\tBienestar TLC\t<\/h1>\n\t<p>Terapia ambulatoria<\/p>\n\t\t\t<a href=\"https:\/\/wellwithtlc.com\/es\/contact\/\" target=\"_self\">\n\t\t\t\t\t\t\tPROGRAMAR UNA CONSULTA GRATUITA\n\t\t\t<\/a>\n\t<p>Las opciones en persona y telesalud est\u00e1n disponibles de inmediato.<\/p>\n<h2  id=\"services\">\n\t\t\tNuestros servicios\t<\/h2>\n\t\t\t\t<img decoding=\"async\" src=\"https:\/\/wellwithtlc.com\/wp-content\/uploads\/sites\/6\/2024\/10\/hp-photo.jpg\" alt=\"Happy young couple taking to their counselor.\" itemprop=\"image\" height=\"267\" width=\"316\" onerror=\"this.style.display='none'\" loading=\"lazy\" \/>\n\t<h2>La curaci\u00f3n comienza aqu\u00ed<\/h2>\n<p>Bienvenido a TLC Wellness, que surgi\u00f3 de la apremiante demanda de apoyo en salud conductual en nuestra comunidad. Reconociendo la dificultad recurrente de las personas para encontrar profesionales cl\u00ednicos disponibles, hemos creado un espacio para la sanaci\u00f3n, la inclusi\u00f3n, la seguridad y la confianza.<\/p>\n<p>En TLC Wellness, nos comprometemos a empoderar a las personas para que vivan de manera aut\u00e9ntica. Utilizando modalidades comprobadas como la terapia cognitivo-conductual, la exposici\u00f3n y prevenci\u00f3n de respuesta, las herramientas de terapia de aceptaci\u00f3n y compromiso y los sistemas familiares\/modelos relacionales, nos esforzamos por brindar un apoyo inquebrantable en su camino hacia una vida m\u00e1s aut\u00e9ntica y plena.<\/p>","protected":false},"excerpt":{"rendered":"<p>Terapia Ambulatoria TLC Wellness. AGENDA UNA CONSULTA GRATUITA. Ofrecemos opciones presenciales y de telesalud de inmediato. Nuestros Servicios: La Sanaci\u00f3n Comienza Aqu\u00ed. Bienvenido a TLC Wellness, que surgi\u00f3 de la apremiante demanda de apoyo en salud conductual en nuestra comunidad. Reconociendo la dificultad recurrente de las personas para encontrar profesionales cl\u00ednicos disponibles, hemos creado un espacio para la sanaci\u00f3n, la inclusi\u00f3n, la seguridad\u2026<\/p>","protected":false},"author":1,"featured_media":3353,"parent":0,"menu_order":0,"comment_status":"closed","ping_status":"closed","template":"","meta":{"_acf_changed":false,"content-type":"","footnotes":""},"class_list":["post-1791","page","type-page","status-publish","has-post-thumbnail","hentry"],"acf":[],"_links":{"self":[{"href":"https:\/\/wellwithtlc.com\/es\/wp-json\/wp\/v2\/pages\/1791","targetHints":{"allow":["GET"]}}],"collection":[{"href":"https:\/\/wellwithtlc.com\/es\/wp-json\/wp\/v2\/pages"}],"about":[{"href":"https:\/\/wellwithtlc.com\/es\/wp-json\/wp\/v2\/types\/page"}],"author":[{"embeddable":true,"href":"https:\/\/wellwithtlc.com\/es\/wp-json\/wp\/v2\/users\/1"}],"replies":[{"embeddable":true,"href":"https:\/\/wellwithtlc.com\/es\/wp-json\/wp\/v2\/comments?post=1791"}],"version-history":[{"count":0,"href":"https:\/\/wellwithtlc.com\/es\/wp-json\/wp\/v2\/pages\/1791\/revisions"}],"wp:featuredmedia":[{"embeddable":true,"href":"https:\/\/wellwithtlc.com\/es\/wp-json\/wp\/v2\/media\/3353"}],"wp:attachment":[{"href":"https:\/\/wellwithtlc.com\/es\/wp-json\/wp\/v2\/media?parent=1791"}],"curies":[{"name":"wp","href":"https:\/\/api.w.org\/{rel}","templated":true}]}}