{"id":2387,"date":"2024-09-24T09:01:54","date_gmt":"2024-09-24T14:01:54","guid":{"rendered":"http:\/\/tlcacademies.test\/wellwithtlc\/?page_id=2387"},"modified":"2025-04-08T12:49:03","modified_gmt":"2025-04-08T17:49:03","slug":"child-and-adolescent-mental-health","status":"publish","type":"page","link":"https:\/\/wellwithtlc.com\/es\/child-and-adolescent-mental-health\/","title":{"rendered":"Salud mental infantil y adolescente"},"content":{"rendered":"<h2>Edades 1-5<\/h2>\n<p>\u00a1La primera infancia puede ser una etapa muy dif\u00edcil! \u00bfTe preguntas c\u00f3mo puede alguien superarla? No est\u00e1s solo. Las rabietas, la b\u00fasqueda de la independencia, los problemas para dormir y los cambios en el desarrollo pueden ser una etapa confusa. Tambi\u00e9n estamos en una \u00e9poca de sobrecarga de informaci\u00f3n, por lo que navegar entre los recursos es todo un desaf\u00edo.<\/p>\n<p>Podemos ayudar a evaluar problemas de desarrollo y neurodiversidad emergente. Con capacitaci\u00f3n en el uso de la M-CHAT y la Escala de calificaci\u00f3n del autismo infantil (CARS-2), podemos ayudar a identificar si el ni\u00f1o tiene autismo o no. De manera similar, si un ni\u00f1o presenta s\u00edntomas de TDAH pero es demasiado peque\u00f1o para una evaluaci\u00f3n o intervenci\u00f3n con medicamentos, podemos brindarle apoyo con intervenciones en la escuela y el hogar.<\/p>\n<p>Hay ocasiones en las que un padre puede pensar que ser\u00eda m\u00e1s \u00fatil observar a un ni\u00f1o en el entorno preescolar o de guarder\u00eda. Estaremos encantados de ayudar con esto para proporcionar comentarios y apoyo integrales con intervenciones en la escuela. Solicite m\u00e1s informaci\u00f3n.<\/p>\n\t\t\t\t<img loading=\"lazy\" decoding=\"async\" src=\"https:\/\/wellwithtlc.com\/wp-content\/uploads\/sites\/6\/2025\/04\/shutterstock_2167323093.jpg\" alt=\"Psychologist evaluates a young child\" itemprop=\"image\" height=\"667\" width=\"1000\" title=\"Ni\u00f1o conversando con un psic\u00f3logo para su inscripci\u00f3n en la escuela\" onerror=\"this.style.display='none'\"  \/>\n\t\t\t\t<img loading=\"lazy\" decoding=\"async\" src=\"https:\/\/wellwithtlc.com\/wp-content\/uploads\/sites\/6\/2024\/10\/banner-Couples-Counseling2.jpg\" alt=\"A counseling session with a mother, father, and a young girl. The three are sitting on a couch together discussing a topic.\" itemprop=\"image\" height=\"700\" width=\"1565\" onerror=\"this.style.display='none'\"  \/>\n\t<h2>Edades 6-12<\/h2>\n<p>En TLC Wellness, sabemos todo lo que puede pasar durante estos a\u00f1os de cambio y crecimiento. Nuestro enfoque se centra en crear un espacio de apoyo donde los ni\u00f1os puedan expresarse abiertamente. Ayudamos a los ni\u00f1os a afrontar los desaf\u00edos, ya sean escolares, familiares o emocionales. Nuestro objetivo es desarrollar resiliencia, fortalecer la confianza y sentar las bases para una base emocional positiva que perdure en la adolescencia y m\u00e1s all\u00e1. Esta es una etapa \u00fanica en la vida, en la que un ni\u00f1o se est\u00e1 abriendo camino como persona independiente, pero a\u00fan depende en gran medida de sus padres o cuidadores.<\/p>\n\t<h2>Edades 13-18<\/h2>\n<p><strong>Los adolescentes pueden buscar terapia por una variedad de razones, entre ellas:<\/strong><\/p>\n<ul>\n<li><strong>Preocupaciones de salud mental:<\/strong> Ansiedad, depresi\u00f3n u otros trastornos de salud mental que afectan su bienestar.<\/li>\n<li><strong>Estr\u00e9s acad\u00e9mico:<\/strong> Presi\u00f3n abrumadora relacionada con la escuela, los ex\u00e1menes o decisiones profesionales futuras.<\/li>\n<li><strong>Relaciones entre pares:<\/strong> Luchas con la din\u00e1mica de pares, acoso escolar o desaf\u00edos para formar y mantener amistades.<\/li>\n<li><strong>Problemas familiares:<\/strong> Dificultades en la comunicaci\u00f3n, conflictos o cambios dentro de la estructura familiar.<\/li>\n<li><strong>Exploraci\u00f3n de identidad:<\/strong> Preguntas relacionadas con la autoidentidad, el g\u00e9nero o la orientaci\u00f3n sexual.<\/li>\n<li><strong>Trauma:<\/strong> Exposici\u00f3n a eventos traum\u00e1ticos, como abuso, accidentes o p\u00e9rdidas.<\/li>\n<li><strong>Abuso de sustancias:<\/strong> Problemas relacionados con el consumo de drogas o alcohol.<\/li>\n<li><strong>Transiciones de vida:<\/strong> C\u00f3mo afrontar cambios importantes en la vida, como un divorcio, una mudanza o la p\u00e9rdida de un ser querido.<\/li>\n<li><strong>Problemas de autoestima:<\/strong> Lucha con la autoestima, preocupaciones sobre la imagen corporal o sentimientos de incompetencia.<\/li>\n<li><strong>Problemas de comportamiento:<\/strong> Actuar de manera violenta, desafiar o involucrarse en conductas riesgosas.<\/li>\n<\/ul>\n<p>Estamos aqu\u00ed para ofrecerle todo lo que necesita. Solicite informaci\u00f3n hoy mismo.<\/p>\n\t\t\t\t<img loading=\"lazy\" decoding=\"async\" src=\"https:\/\/wellwithtlc.com\/wp-content\/uploads\/sites\/6\/2025\/04\/teen-boy-in-counseling.png\" alt=\"Teen boy in counseling\" itemprop=\"image\" height=\"1402\" width=\"2103\" title=\"un adolescente en terapia\" onerror=\"this.style.display='none'\"  \/>\n\t<h2>Preguntas frecuentes sobre la ansiedad infantil<\/h2>\n<p>La ansiedad infantil es una sensaci\u00f3n de miedo, pavor o inquietud que se presenta cuando un ni\u00f1o la experimenta. Puede tener s\u00edntomas ps\u00edquicos como sudoraci\u00f3n, tensi\u00f3n o inquietud y ritmo card\u00edaco irregular o acelerado. Es normal tener ansiedad, pero en los ni\u00f1os con un trastorno de ansiedad, esta sensaci\u00f3n de miedo o preocupaci\u00f3n no es temporal, puede durar m\u00e1s tiempo o empeorar con el tiempo. Estos s\u00edntomas pueden comenzar a interferir en la vida cotidiana, incluida la familia, las amistades y el rendimiento escolar.<\/p>\n                                            <button id=\"-trigger-0\" aria-expanded=\"false\" aria-controls=\"-panel-0\">\n                    \u00bfCu\u00e1les son los s\u00edntomas de la ansiedad infantil?                    \n                <\/button>\n                    <p>La ansiedad puede ser individualizada y diferente para cada ni\u00f1o, pero los s\u00edntomas m\u00e1s comunes incluyen:<\/p><ul><li>Preocupaci\u00f3n o emociones excesivas que otros ni\u00f1os de su edad.<\/li><li>S\u00edntomas f\u00edsicos que incluyen malestar estomacal, dolor de cabeza o dolores musculares.<\/li><li>Dificultad para dormir<\/li><li>Dificultad para permanecer sentado o relajarse<\/li><li>Irritabilidad<\/li><li>Dificultad para concentrarse<\/li><li>Hambre excesiva o falta de deseo de comer<\/li><li>Negativa a asistir a la escuela o a las actividades requeridas<\/li><li>Uso constante del ba\u00f1o<\/li><\/ul>\n                                            <button id=\"-trigger-1\" aria-expanded=\"false\" aria-controls=\"-panel-1\">\n                    \u00bfQu\u00e9 causa la ansiedad en los ni\u00f1os?                    \n                <\/button>\n                    <ul><li>Muerte de un ser querido<\/li><li>Cambios de vida (mudarse a una nueva casa, ir a una nueva escuela, estar lejos de los padres o tutores)<\/li><li>Padres o tutores que discuten excesivamente, divorcio o separaci\u00f3n de los padres,<\/li><li>Ni\u00f1os que son adoptados o que han experimentado un trauma significativo en sus vidas.<\/li><li>Dificultad para hacer amigos o llevarse bien con los dem\u00e1s.<\/li><li>Acoso, abuso o negligencia<\/li><li>Antecedentes gen\u00e9ticos o familiares<\/li><\/ul>\n                                            <button id=\"-trigger-2\" aria-expanded=\"false\" aria-controls=\"-panel-2\">\n                    \u00bfQu\u00e9 es la ansiedad social?                    \n                <\/button>\n                    <p>La ansiedad social puede ser un tipo de ansiedad que experimentan los ni\u00f1os con ansiedad. La ansiedad social es un miedo intenso y persistente a ser observado y juzgado por los dem\u00e1s. Este sentimiento de miedo puede ocurrir al realizar actividades cotidianas, como conocer gente nueva, asistir a una entrevista de trabajo, tener una cita, hacer amigos, interactuar con otras personas en el trabajo o la escuela, comer y beber en p\u00fablico o usar ba\u00f1os p\u00fablicos. Este sentimiento de ansiedad y miedo puede ser muy intenso y hacer que las personas sientan que su vida no est\u00e1 bajo su control y que se paralicen en situaciones inc\u00f3modas o que no puedan participar en estas actividades en general. Pueden evitar a las personas y las situaciones sociales, eludir sus responsabilidades, no asistir al trabajo o la escuela, y la preocupaci\u00f3n puede agravarse con el tiempo.<\/p>\n                                            <button id=\"-trigger-3\" aria-expanded=\"false\" aria-controls=\"-panel-3\">\n                    \u00bfCu\u00e1les son las opciones de tratamiento para la ansiedad?                    \n                <\/button>\n                    <p>La ansiedad suele tratarse con psicoterapia, aunque tambi\u00e9n puede tratarse con medicamentos. La psicoterapia es una terapia de conversaci\u00f3n que implica trabajar con un terapeuta. Existen diferentes opciones de tratamiento, entre ellas la terapia cognitivo-conductual (TCC), la terapia de conversaci\u00f3n, la terapia dial\u00e9ctica conductual (TDC) y los grupos de apoyo disponibles. El objetivo de la terapia es generar confianza y aprender habilidades para ayudar a la persona a manejar las situaciones que le provocan ansiedad.\u00a0<\/p>\n                                            <button id=\"-trigger-4\" aria-expanded=\"false\" aria-controls=\"-panel-4\">\n                    \u00bfQu\u00e9 es la terapia cognitivo conductual?                    \n                <\/button>\n                    <p>La terapia cognitivo-conductual (TCC) es una de las formas m\u00e1s eficaces de psicoterapia para los trastornos de ansiedad. Ha demostrado su eficacia en problemas como la depresi\u00f3n, los trastornos de ansiedad, los trastornos relacionados con el alcohol y las drogas, y los trastornos por abuso de sustancias. La TCC se centra en ense\u00f1ar habilidades para ayudar a mejorar los s\u00edntomas de salud mental y a encontrar nuevas formas de pensar. La TCC implica modificar los patrones de pensamiento, gestionar los trastornos y el pensamiento irracional, comprender mejor nuestros comportamientos y la motivaci\u00f3n de nuestras acciones, y utilizar habilidades de resoluci\u00f3n de problemas para afrontar situaciones dif\u00edciles. La TCC ha demostrado mejoras significativas en el funcionamiento y la calidad de vida de las personas, y puede implicar el aprendizaje para desarrollar mayor autonom\u00eda, mayor confianza en uno mismo y habilidades para gestionar situaciones problem\u00e1ticas.<\/p>\n\t<h2>Recursos<\/h2>\n<p><a href=\"https:\/\/www.nimh.nih.gov\/health\/topics\/anxiety-disorders\"><strong>Informaci\u00f3n sobre ansiedad NIMH<\/strong><\/a><\/p>\n<p><a href=\"https:\/\/www.mayoclinic.org\/diseases-conditions\/anxiety\/diagnosis-treatment\/drc-20350967\"><strong>Trastornos de ansiedad<\/strong><\/a><\/p>\n<p><a href=\"https:\/\/www.nimh.nih.gov\/health\/publications\/social-anxiety-disorder-more-than-just-shyness#:~:text=A%20person%20with%20social%20anxiety,a%20cashier%20in%20a%20store\"><strong>Ansiedad social NIMH<\/strong><\/a><\/p>\n<p><a href=\"https:\/\/www.apa.org\/ptsd-guideline\/patients-and-families\/cognitive-behavioral\"><strong>Terapia cognitivo conductual (TCC)<\/strong><\/a><\/p>\n\t<p>\u00bfListo para dar el siguiente paso? <\/p>\n<p><strong>\u00a1Programe una consulta gratuita con nosotros hoy!<\/strong> Hablemos sobre c\u00f3mo podemos hacer realidad tu visi\u00f3n. Haz clic en el enlace para reservar la hora que mejor te convenga.<\/p>\n\t\t\t<a href=\"https:\/\/wellwithtlc.com\/es\/contact\/\" target=\"_self\">\n\t\t\t\t\t\t\tPrograme una consulta gratuita\n\t\t\t\t\t<\/a>","protected":false},"excerpt":{"rendered":"<p>De 1 a 5 a\u00f1os, \u00a1la primera infancia puede ser una etapa muy dif\u00edcil! \u00bfTe preguntas c\u00f3mo alguien logra superarla? No est\u00e1s solo. Entre las rabietas, la b\u00fasqueda de independencia, las dificultades para dormir y los cambios en el desarrollo, puede ser una etapa confusa. Adem\u00e1s, vivimos en una \u00e9poca de sobrecarga de informaci\u00f3n, as\u00ed que navegar por\u2026<\/p>","protected":false},"author":1,"featured_media":2857,"parent":0,"menu_order":0,"comment_status":"closed","ping_status":"closed","template":"","meta":{"_acf_changed":false,"content-type":"","footnotes":""},"class_list":["post-2387","page","type-page","status-publish","has-post-thumbnail","hentry"],"acf":[],"_links":{"self":[{"href":"https:\/\/wellwithtlc.com\/es\/wp-json\/wp\/v2\/pages\/2387","targetHints":{"allow":["GET"]}}],"collection":[{"href":"https:\/\/wellwithtlc.com\/es\/wp-json\/wp\/v2\/pages"}],"about":[{"href":"https:\/\/wellwithtlc.com\/es\/wp-json\/wp\/v2\/types\/page"}],"author":[{"embeddable":true,"href":"https:\/\/wellwithtlc.com\/es\/wp-json\/wp\/v2\/users\/1"}],"replies":[{"embeddable":true,"href":"https:\/\/wellwithtlc.com\/es\/wp-json\/wp\/v2\/comments?post=2387"}],"version-history":[{"count":0,"href":"https:\/\/wellwithtlc.com\/es\/wp-json\/wp\/v2\/pages\/2387\/revisions"}],"wp:featuredmedia":[{"embeddable":true,"href":"https:\/\/wellwithtlc.com\/es\/wp-json\/wp\/v2\/media\/2857"}],"wp:attachment":[{"href":"https:\/\/wellwithtlc.com\/es\/wp-json\/wp\/v2\/media?parent=2387"}],"curies":[{"name":"wp","href":"https:\/\/api.w.org\/{rel}","templated":true}]}}