{"id":2409,"date":"2024-09-24T09:07:59","date_gmt":"2024-09-24T14:07:59","guid":{"rendered":"http:\/\/tlcacademies.test\/wellwithtlc\/?page_id=2409"},"modified":"2025-02-28T14:55:08","modified_gmt":"2025-02-28T20:55:08","slug":"counseling-services","status":"publish","type":"page","link":"https:\/\/wellwithtlc.com\/es\/counseling-services\/","title":{"rendered":"Servicios de asesoramiento"},"content":{"rendered":"<h1>\n\t\tServicios de asesoramiento\n\t<\/h1>\n<h2>\n\t\tServicios Individuales\n\t<\/h2>\n\t<p>El Lincoln Center ofrece servicios m\u00f3viles, a domicilio y\/o comunitarios para personas de cualquier edad a trav\u00e9s del Centro de Asesoramiento. TLC es un proveedor de servicios de intervenci\u00f3n reconocido en el condado de Montgomery que brinda servicios a individuos, familias y organizaciones.<\/p>\n\t\t\t\t<img loading=\"lazy\" decoding=\"async\" src=\"https:\/\/wellwithtlc.com\/wp-content\/uploads\/sites\/6\/2024\/09\/lincoln-center-trauma.jpeg\" alt=\"lincoln-center-trauma\" itemprop=\"image\" height=\"550\" width=\"970\" title=\"Centro de traumatolog\u00eda Lincoln\" onerror=\"this.style.display='none'\"  \/>\n\t\t\t\t<img loading=\"lazy\" decoding=\"async\" src=\"https:\/\/wellwithtlc.com\/wp-content\/uploads\/sites\/6\/2024\/09\/Feb_Parents-Love_1080_675.png\" alt=\"Feb_Parents-Love_1080_675\" itemprop=\"image\" height=\"675\" width=\"1080\" title=\"Febrero_Padres_Amor_1080_675\" onerror=\"this.style.display='none'\"  \/>\n\t<h3>Servicios DUI<\/h3>\n<p>El Lincoln Center ofrece servicios de intervenci\u00f3n individual y confidencial para casos de DUI a aquellas personas que han sufrido una infracci\u00f3n por primera vez. Los consejeros comunitarios emplean un enfoque de entrevistas motivacionales basado en evidencia para inspirar la capacidad de cambiar, explorar el lugar de control y alentar opciones de vida m\u00e1s saludables.<\/p>\n<h3>Servicios de pago privados<\/h3>\n<p>Nuestros consejeros comunitarios ofrecen soluciones de pago privado en el hogar o en la oficina para sus necesidades terap\u00e9uticas. Ofrecemos asesoramiento centrado en el trauma para ayudarlo a transformar su crecimiento personal, crear habilidades y t\u00e9cnicas de afrontamiento positivas, desarrollar patrones de relaci\u00f3n saludables y reducir los patrones de pensamiento negativos. Nuestros terapeutas est\u00e1n altamente capacitados y ofrecen un enfoque individualizado para sus necesidades terap\u00e9uticas.<\/p>\n<h3>Visitas supervisadas<\/h3>\n<p>El Lincoln Center ofrece visitas supervisadas y servicios de visitas terap\u00e9uticas supervisadas para la custodia de menores, que pueden llevarse a cabo en nuestro Centro de Asesoramiento Comunitario, en entornos dom\u00e9sticos y en espacios p\u00fablicos. Estos casos son ordenados por el tribunal y son parte de los acuerdos de custodia. Un consejero supervisa directamente las sesiones y documenta un resumen de la visita que est\u00e1 disponible para ambas partes. Estos servicios del Centro de Asesoramiento Comunitario buscan fortalecer a las familias, garantizar la seguridad de los ni\u00f1os y ayudar a las personas que luchan contra el abuso de sustancias y el bienestar mental.<\/p>\n\t<h2>Servicios de asesoramiento<\/h2>\n<p>Si necesita estos servicios, llame al <a href=\"tel:610-716-9620\">610-716-9620<\/a><\/p>\n\t\t\t\t<img loading=\"lazy\" decoding=\"async\" src=\"https:\/\/wellwithtlc.com\/wp-content\/uploads\/sites\/6\/2024\/09\/Goal-Setting-With-Your-Kids_970x550.png\" alt=\"Goal-Setting-With-Your-Kids_970x550\" itemprop=\"image\" height=\"550\" width=\"970\" title=\"Establecer metas con sus hijos_970x550\" onerror=\"this.style.display='none'\"  \/>\n\t<h2>Servicios Organizacionales<\/h2>\n<p>En colaboraci\u00f3n con la Oficina de Ni\u00f1os y J\u00f3venes (OCY), el Centro Lincoln para la Familia y la Juventud ofrece servicios de apoyo para clientes: Servicios de Atenci\u00f3n Domiciliaria, Fortalecimiento Familiar, Educaci\u00f3n sobre Abuso de Sustancias y Gesti\u00f3n de Casos. Estos servicios avanzados se ofrecen actualmente a agencias de ni\u00f1os y j\u00f3venes para ayudar a mantener unidas a familias en riesgo o a reunificarlas. Estos servicios son los siguientes:<\/p>\n\t<h3>Organizaci\u00f3n del hogar<\/h3>\n<p>Los consejeros instruyen a las familias sobre c\u00f3mo limpiar, mantener y mejorar la idoneidad ambiental de su vivienda para los ni\u00f1os. Los consejeros orientan a los padres sobre c\u00f3mo realizar las tareas dom\u00e9sticas, compartir responsabilidades con los miembros de la familia, organizar las pertenencias personales y comprar productos de manera m\u00e1s eficaz. Se ofrecen servicios de eliminaci\u00f3n de acaparamiento para casos graves de adicciones conductuales que causan problemas de seguridad dentro del hogar.<\/p>\n<h3>Fortalecimiento familiar<\/h3>\n<p>Los consejeros dirigen actividades basadas en la evidencia para ense\u00f1ar a los padres a interactuar con sus hijos en niveles adecuados para su desarrollo. Fortalecen sus habilidades de crianza, eval\u00faan su nivel de empat\u00eda y los capacitan para responder mejor a las necesidades psicol\u00f3gicas de los ni\u00f1os.<\/p>\n\t<h3>Educaci\u00f3n sobre el abuso de sustancias<\/h3>\n<p>Los consejeros orientan a los padres para que tomen decisiones m\u00e1s saludables, se abstengan de consumir drogas y alcohol y adopten un plan de prevenci\u00f3n de reca\u00eddas. Los consejeros tambi\u00e9n conectan a los padres con recursos para el abuso de sustancias y supervisan su progreso.<\/p>\n<h3>Gesti\u00f3n de casos<\/h3>\n<p>Los consejeros exploran el entorno del hogar, determinan las necesidades de la familia y mejoran la vida de los ni\u00f1os. Estos servicios intensivos permiten a los consejeros evaluar las necesidades de la familia y ayudar a los trabajadores infantiles y juveniles a determinar qu\u00e9 servicios tienen mayor prioridad. Los consejeros pueden ayudar a llevar a los clientes a las citas necesarias, ayudarlos si se les diagnostica alguna condici\u00f3n m\u00e9dica y ayudarlos a completar otras tareas, incluidas las relacionadas con la elaboraci\u00f3n de presupuestos y las preocupaciones por la vivienda.<\/p>","protected":false},"excerpt":{"rendered":"<p>Servicios de Consejer\u00eda. Servicios Individuales. El Centro Lincoln ofrece servicios m\u00f3viles, a domicilio y\/o comunitarios para personas de todas las edades a trav\u00e9s del Centro de Consejer\u00eda. TLC es un proveedor reconocido de servicios de intervenci\u00f3n en el Condado de Montgomery que brinda servicios a individuos, familias y organizaciones. Servicios de DUI. El Centro Lincoln ofrece servicios confidenciales de intervenci\u00f3n individual por DUI para quienes han\u2026<\/p>","protected":false},"author":1,"featured_media":0,"parent":0,"menu_order":0,"comment_status":"closed","ping_status":"closed","template":"","meta":{"_acf_changed":false,"content-type":"","footnotes":""},"class_list":["post-2409","page","type-page","status-publish","hentry"],"acf":[],"_links":{"self":[{"href":"https:\/\/wellwithtlc.com\/es\/wp-json\/wp\/v2\/pages\/2409","targetHints":{"allow":["GET"]}}],"collection":[{"href":"https:\/\/wellwithtlc.com\/es\/wp-json\/wp\/v2\/pages"}],"about":[{"href":"https:\/\/wellwithtlc.com\/es\/wp-json\/wp\/v2\/types\/page"}],"author":[{"embeddable":true,"href":"https:\/\/wellwithtlc.com\/es\/wp-json\/wp\/v2\/users\/1"}],"replies":[{"embeddable":true,"href":"https:\/\/wellwithtlc.com\/es\/wp-json\/wp\/v2\/comments?post=2409"}],"version-history":[{"count":0,"href":"https:\/\/wellwithtlc.com\/es\/wp-json\/wp\/v2\/pages\/2409\/revisions"}],"wp:attachment":[{"href":"https:\/\/wellwithtlc.com\/es\/wp-json\/wp\/v2\/media?parent=2409"}],"curies":[{"name":"wp","href":"https:\/\/api.w.org\/{rel}","templated":true}]}}