{"id":3060,"date":"2024-10-31T08:34:04","date_gmt":"2024-10-31T13:34:04","guid":{"rendered":"https:\/\/wellwithtlc.com\/?page_id=3060"},"modified":"2025-04-08T11:20:36","modified_gmt":"2025-04-08T16:20:36","slug":"couples-counseling-family-therapy","status":"publish","type":"page","link":"https:\/\/wellwithtlc.com\/es\/couples-counseling-family-therapy\/","title":{"rendered":"Asesoramiento de parejas \/ Terapia familiar"},"content":{"rendered":"<h2>Asesoramiento de parejas<\/h2>\n<p>Muchas personas y parejas eligen la terapia por diversas razones, como dificultades de comunicaci\u00f3n, conflictos no resueltos o el impacto de las transiciones de la vida. Ofrece un espacio seguro para explorar y abordar problemas subyacentes, mejorar las habilidades de comunicaci\u00f3n y reconstruir conexiones emocionales. La terapia de pareja empodera a las personas y parejas para afrontar las complejidades, fortalecer su v\u00ednculo y cultivar una base resiliente para una intimidad duradera y un entendimiento mutuo. Es una inversi\u00f3n proactiva en el bienestar de la relaci\u00f3n, que proporciona herramientas valiosas para superar obst\u00e1culos y prosperar juntos.<\/p>\n\t\t\t\t<img loading=\"lazy\" decoding=\"async\" src=\"https:\/\/wellwithtlc.com\/wp-content\/uploads\/sites\/6\/2025\/04\/Couples-Counseling.jpg\" alt=\"Fight,,Divorce,And,Depression,With,Couple,On,Sofa,For,Conflict,\" itemprop=\"image\" height=\"667\" width=\"1000\" title=\"Lucha, divorcio y depresi\u00f3n con una pareja sentada en el sof\u00e1 por un conflicto.\" onerror=\"this.style.display='none'\"  \/>\n\t\t\t\t<img loading=\"lazy\" decoding=\"async\" src=\"https:\/\/wellwithtlc.com\/wp-content\/uploads\/sites\/6\/2025\/04\/Parents-and-young-boy-in-counseling.jpg\" alt=\"Mother,Hugging,Her,Autistic,Son,,Sitting,Next,To,His,Father\" itemprop=\"image\" height=\"667\" width=\"1000\" title=\"Madre abrazando a su hijo autista, sentada junto a su padre\" onerror=\"this.style.display='none'\"  \/>\n\t<h2>Apoyo para la crianza compartida<\/h2>\n<p>Elegir el apoyo para la crianza compartida refleja un compromiso compasivo con el fomento de un entorno estable y armonioso para los ni\u00f1os en medio de una crianza separada o divorciada. Las personas buscan este apoyo para superar desaf\u00edos como fallas en la comunicaci\u00f3n, estilos de crianza conflictivos y abordar el impacto emocional de la separaci\u00f3n en sus hijos. El apoyo para la crianza compartida proporciona un espacio dedicado a desarrollar estrategias de comunicaci\u00f3n efectivas, establecer objetivos de crianza compartidos y encontrar soluciones colaborativas, promoviendo en \u00faltima instancia una din\u00e1mica de crianza compartida positiva. Al buscar apoyo, las personas apuntan a superar las complejidades de la crianza compartida con resiliencia, asegurando un entorno enriquecedor que priorice el bienestar de los ni\u00f1os.<\/p>\n\t<h2>Terapia familiar<\/h2>\n<p>TLC Wellness ofrece servicios de terapia familiar transformadora que se centran en mejorar las relaciones y el bienestar individual. El enfoque se basa en la comprensi\u00f3n del impacto de la din\u00e1mica familiar en el crecimiento personal, proporcionando un espacio seguro y colaborativo para que las familias afronten los desaf\u00edos, mejoren la comunicaci\u00f3n y fomenten el entendimiento mutuo. Los servicios personalizados abordan conflictos, problemas de conducta, transiciones de vida y desaf\u00edos emocionales, con el objetivo de construir relaciones familiares resilientes.<\/p>\n<p><strong>Razones por las que las personas buscan terapia familiar<\/strong><\/p>\n<ul>\n<li>Gestionar conflictos y desaf\u00edos de forma colaborativa<\/li>\n<li>Mejorar la comunicaci\u00f3n dentro de la familia<\/li>\n<li>Abordar cuestiones y din\u00e1micas de comportamiento<\/li>\n<li>Adaptarnos juntos a las transiciones de la vida<\/li>\n<li>Mejorar el bienestar emocional de cada miembro de la familia<\/li>\n<\/ul>\n\t\t\t\t<img loading=\"lazy\" decoding=\"async\" src=\"https:\/\/wellwithtlc.com\/wp-content\/uploads\/sites\/6\/2025\/04\/Dad-and-son-in-counseling.jpg\" alt=\"Father,With,His,Teenage,Son,At,Meeting,With,Social,Worker,\" itemprop=\"image\" height=\"779\" width=\"1000\" title=\"Padre con su hijo adolescente en una reuni\u00f3n con un trabajador social\" onerror=\"this.style.display='none'\"  \/>\n\t<h2>Preguntas frecuentes sobre terapia familiar<\/h2>\n<p>La terapia matrimonial y familiar es una terapia que aborda problemas dentro del sistema familiar o la relaci\u00f3n rom\u00e1ntica. La terapia se centra en el sistema familiar y se lleva a cabo desde una perspectiva relacional, en lugar de centrarse \u00fanicamente en un individuo.<\/p>\n<p>Las relaciones son sistemas complejos y el conflicto es inevitable. Este conflicto puede resultar muy abrumador y, si no se aborda, puede derivar en ira, resentimiento y desapego. La terapia familiar es una herramienta importante para ayudar a las parejas y a las familias a resolver conflictos y trabajar en su comunicaci\u00f3n. Con la ayuda de un terapeuta capacitado en un entorno de apoyo, la terapia de pareja y la terapia familiar pueden ayudar a las familias a identificar patrones de comunicaci\u00f3n negativos y recibir orientaci\u00f3n sobre c\u00f3mo cambiar este patr\u00f3n para mejorar la calidad de sus relaciones entre s\u00ed.<\/p>\n                                            <button id=\"-trigger-0\" aria-expanded=\"false\" aria-controls=\"-panel-0\">\n                    \u00bfCu\u00e1l es la diferencia entre alguien con un LMFT y un MFT?                    \n                <\/button>\n                    <p>LMFT- (Terapeuta matrimonial y familiar con licencia) Tienen una maestr\u00eda y han cumplido con los requisitos de horas cl\u00ednicas, supervisi\u00f3n y educaci\u00f3n para obtener su licencia.MFT- (Terapeuta matrimonial y familiar) Tienen una maestr\u00eda en terapia matrimonial y familiar, pero no han cumplido con los requisitos para obtener la licencia.<\/p>\n                                            <button id=\"-trigger-1\" aria-expanded=\"false\" aria-controls=\"-panel-1\">\n                    \u00bfA qui\u00e9n puedo llevar?                    \n                <\/button>\n                    <p>Debes traer a los miembros de la familia que consideres que juegan un papel importante en el \u00e1rea en cuesti\u00f3n o que podr\u00edan ser \u00fatiles para apoyar el progreso.<\/p>\n                                            <button id=\"-trigger-2\" aria-expanded=\"false\" aria-controls=\"-panel-2\">\n                    \u00bfCu\u00e1les son algunas \u00e1reas de preocupaci\u00f3n abordadas en la terapia matrimonial y familiar?                    \n                <\/button>\n                    <p>Algunas \u00e1reas de preocupaci\u00f3n incluyen, entre otras, conflictos matrimoniales\/de relaci\u00f3n, preocupaciones sobre la crianza de los hijos, problemas de conducta en un ni\u00f1o\/adolescente, transiciones de vida, muerte de un ser querido, etc.<\/p>\n                                            <button id=\"-trigger-3\" aria-expanded=\"false\" aria-controls=\"-panel-3\">\n                    \u00bfQu\u00e9 pasa si somos pareja, pero no estamos casados?                    \n                <\/button>\n                    <p>\u00a1Estar casado no es un requisito! \u00a1Tampoco lo es vivir juntos!<\/p>\n                                            <button id=\"-trigger-4\" aria-expanded=\"false\" aria-controls=\"-panel-4\">\n                    \u00bfQu\u00e9 pasa si mi familiar no quiere participar?                    \n                <\/button>\n                    <p>A veces, las personas se muestran reacias a participar en terapia. Es importante adoptar un enfoque emp\u00e1tico y permitirles expresar sus inquietudes sobre la participaci\u00f3n. Es posible comenzar la terapia e ir presentando a los miembros de la familia a medida que avanza el proceso.<\/p>\n                                            <button id=\"-trigger-5\" aria-expanded=\"false\" aria-controls=\"-panel-5\">\n                    \u00bfCu\u00e1ndo podr\u00eda no ser apropiada la terapia matrimonial y familiar?                    \n                <\/button>\n                    <p>Esta modalidad puede no ser apropiada si hay violencia o abuso activo o si las preocupaciones presentadas se adaptan mejor a un enfoque individual.<\/p>\n                                            <button id=\"-trigger-6\" aria-expanded=\"false\" aria-controls=\"-panel-6\">\n                    \u00bfPuedo tener tambi\u00e9n un terapeuta individual separado si estoy en terapia familiar?                    \n                <\/button>\n                    <p>\u00a1S\u00ed! A algunas personas les resulta \u00fatil contar con un terapeuta independiente fuera de la terapia familiar para trabajar en objetivos individuales adicionales.<\/p>\n\t<h2>Recursos<\/h2>\n<ul>\n<li>Grupo de apoyo familiar NAMI Montgomery County PA\u00a0<a href=\"https:\/\/namimontcopa.org\/support-and-education\/support-groups\/nami-family-support-group\/\" target=\"_blank\" rel=\"noopener\">https:\/\/namimontcopa.org\/support-and-education\/support-groups\/nami-family-support-group\/<\/a><\/li>\n<li>Grupo de apoyo familiar NAMI Chester County PA\u00a0<a href=\"https:\/\/namichescopa.org\/support-and-education\/support-groups\/nami-family-support-group\/\" target=\"_blank\" rel=\"noopener\">https:\/\/namichescopa.org\/support-and-education\/support-groups\/nami-family-support-group\/<\/a><\/li>\n<li>Programa de educaci\u00f3n de familia a familia de NAMI Main Line PA\u00a0<a href=\"https:\/\/namimainlinepa.org\/support\/family-to-family-education-basics-programs\/\" target=\"_blank\" rel=\"noopener\">https:\/\/namimainlinepa.org\/support\/family-to-family-education-basics-programs\/<\/a><\/li>\n<li>Grupos de apoyo familiar de NAMI Main Line PA\u00a0<a href=\"https:\/\/namimainlinepa.org\/support\/support-groups\/\" target=\"_blank\" rel=\"noopener\">https:\/\/namimainlinepa.org\/support\/support-groups\/<\/a><\/li>\n<li>Asociaci\u00f3n Estadounidense de Terapia Matrimonial y Familiar\u00a0<a href=\"https:\/\/www.aamft.org\/\" target=\"_blank\" rel=\"noopener\">https:\/\/www.aamft.org\/<\/a><\/li>\n<li>V\u00eddeo de PsychHub \u201c\u00bfQu\u00e9 es la terapia familiar?\u201d\u00a0<a href=\"https:\/\/www.youtube.com\/watch?v=nRTYg5n5Bq0\" target=\"_blank\" rel=\"noopener\">https:\/\/www.youtube.com\/watch?v=nRTYg5n5Bq0<\/a><\/li>\n<li>Abr\u00e1zame fuerte: Siete conversaciones para toda una vida de amor de la Dra. Sue Johnson (Libro)\u00a0<a href=\"https:\/\/www.amazon.com\/dp\/031611300X\" target=\"_blank\" rel=\"noopener\">https:\/\/www.amazon.com\/dp\/031611300X<\/a><\/li>\n<li>Recursos de SAMHSA para familias:\u00a0<a href=\"https:\/\/www.samhsa.gov\/families\" target=\"_blank\" rel=\"noopener\">https:\/\/www.samhsa.gov\/families<\/a><\/li>\n<li>De padre a padre de PA-\u00a0<a href=\"https:\/\/www.parenttoparent.org\/\" target=\"_blank\" rel=\"noopener\">https:\/\/www.parenttoparent.org\/<\/a><\/li>\n<\/ul>\n\t<p>\u00bfListo para dar el siguiente paso? <\/p>\n<p><strong>\u00a1Programe una consulta gratuita con nosotros hoy!<\/strong> Hablemos sobre c\u00f3mo podemos hacer realidad tu visi\u00f3n. Haz clic en el enlace para reservar la hora que mejor te convenga.<\/p>\n\t\t\t<a href=\"https:\/\/wellwithtlc.com\/es\/contact\/\" target=\"_self\">\n\t\t\t\t\t\t\tPrograme una consulta gratuita\n\t\t\t\t\t<\/a>","protected":false},"excerpt":{"rendered":"<p>Terapia de Parejas: Muchas personas y parejas eligen la terapia por diversas razones, como dificultades de comunicaci\u00f3n, conflictos no resueltos o el impacto de las transiciones de la vida. Ofrece un espacio seguro para explorar y abordar problemas subyacentes, mejorar las habilidades de comunicaci\u00f3n y reconstruir conexiones emocionales. La terapia de pareja empodera a las personas y parejas para afrontar las complejidades, fortalecer su v\u00ednculo y cultivar...<\/p>","protected":false},"author":1,"featured_media":2989,"parent":0,"menu_order":0,"comment_status":"closed","ping_status":"closed","template":"","meta":{"_acf_changed":false,"content-type":"","footnotes":""},"class_list":["post-3060","page","type-page","status-publish","has-post-thumbnail","hentry"],"acf":[],"_links":{"self":[{"href":"https:\/\/wellwithtlc.com\/es\/wp-json\/wp\/v2\/pages\/3060","targetHints":{"allow":["GET"]}}],"collection":[{"href":"https:\/\/wellwithtlc.com\/es\/wp-json\/wp\/v2\/pages"}],"about":[{"href":"https:\/\/wellwithtlc.com\/es\/wp-json\/wp\/v2\/types\/page"}],"author":[{"embeddable":true,"href":"https:\/\/wellwithtlc.com\/es\/wp-json\/wp\/v2\/users\/1"}],"replies":[{"embeddable":true,"href":"https:\/\/wellwithtlc.com\/es\/wp-json\/wp\/v2\/comments?post=3060"}],"version-history":[{"count":0,"href":"https:\/\/wellwithtlc.com\/es\/wp-json\/wp\/v2\/pages\/3060\/revisions"}],"wp:featuredmedia":[{"embeddable":true,"href":"https:\/\/wellwithtlc.com\/es\/wp-json\/wp\/v2\/media\/2989"}],"wp:attachment":[{"href":"https:\/\/wellwithtlc.com\/es\/wp-json\/wp\/v2\/media?parent=3060"}],"curies":[{"name":"wp","href":"https:\/\/api.w.org\/{rel}","templated":true}]}}