{"id":3089,"date":"2024-10-31T09:17:52","date_gmt":"2024-10-31T14:17:52","guid":{"rendered":"https:\/\/wellwithtlc.com\/?page_id=3089"},"modified":"2025-02-28T14:55:33","modified_gmt":"2025-02-28T20:55:33","slug":"consultation-services","status":"publish","type":"page","link":"https:\/\/wellwithtlc.com\/es\/consultation-services\/","title":{"rendered":"Servicios de consulta"},"content":{"rendered":"<p>El mundo de la salud mental puede ser complejo e intimidante. Quiz\u00e1s un ser querido est\u00e9 luchando contra una adicci\u00f3n y usted no sabe c\u00f3mo obtener ayuda. En otras circunstancias, quiz\u00e1s busque apoyo para alguien cercano o para su hijo adolescente, pero no sabe por d\u00f3nde empezar. Nuestro Servicio de Consulta de Salud Mental est\u00e1 dise\u00f1ado para guiar a las personas y a sus seres queridos a trav\u00e9s de las complejidades de la atenci\u00f3n de la salud mental. Nuestros profesionales cl\u00ednicos experimentados ofrecen apoyo experto para explorar los servicios disponibles, explicar los diferentes niveles de atenci\u00f3n y abogar seg\u00fan sea necesario dentro del sistema de salud. Ya sea que busque ayuda para usted o para un ser querido, nos dedicamos a trabajar en colaboraci\u00f3n para superar los desaf\u00edos y asegurar un camino m\u00e1s f\u00e1cil hacia una salud mental y un bienestar \u00f3ptimos.<\/p>\n<p>Las consultas tienen un costo \u00fanico o pueden determinarse caso por caso. Comun\u00edquese hoy mismo para obtener m\u00e1s informaci\u00f3n.<\/p>\n<p>Comun\u00edquese tambi\u00e9n con nosotros si necesita dar charlas o necesita informaci\u00f3n. Estaremos encantados de ir a su lugar de trabajo, guarder\u00eda o centro comunitario para hablar sobre cualquiera de los temas anteriores en un entorno grupal de manera educativa y brindar herramientas relacionadas con intervenciones conductuales, bienestar de los empleados, ansiedad, apoyo a los padres, etc.<\/p>\n\t\t\t\t<img decoding=\"async\" src=\"https:\/\/wellwithtlc.com\/wp-content\/uploads\/sites\/6\/2024\/10\/banner-Consultation2.jpg\" alt=\"happy family running in the park in summer. mom and dad hold their son by the hands run throw up in the forest park on the grass in the summer. happy family lifestyle kid dream concept\" itemprop=\"image\" title=\"Feliz, Familia, Corriendo, En, El, Parque, En, Verano, Mam\u00e1, Y\" onerror=\"this.style.display='none'\"  \/>\n\t<p>\u00bfListo para dar el siguiente paso? <\/p>\n<p><strong>\u00a1Programe una cita con nosotros hoy!<\/strong> Hablemos sobre c\u00f3mo podemos hacer realidad tu visi\u00f3n. Haz clic en el enlace para reservar la hora que mejor te convenga.<\/p>\n\t\t\t<a href=\"https:\/\/wellwithtlc.com\/es\/schedule-an-appointment\/\" target=\"_self\" rel=\"noopener\">\n\t\t\t\t\t\t\tProgramar una cita\n\t\t\t\t\t<\/a>","protected":false},"excerpt":{"rendered":"<p>El mundo de la salud conductual puede ser complejo e intimidante. Quiz\u00e1s un ser querido est\u00e9 luchando contra una adicci\u00f3n y usted no sabe c\u00f3mo buscar ayuda. En otras circunstancias, quiz\u00e1s busque apoyo para alguien cercano o para su hijo adolescente, pero no sepa por d\u00f3nde empezar. Nuestro departamento de salud conductual\u2026<\/p>","protected":false},"author":1,"featured_media":3092,"parent":0,"menu_order":0,"comment_status":"closed","ping_status":"closed","template":"","meta":{"_acf_changed":false,"content-type":"","footnotes":""},"class_list":["post-3089","page","type-page","status-publish","has-post-thumbnail","hentry"],"acf":[],"_links":{"self":[{"href":"https:\/\/wellwithtlc.com\/es\/wp-json\/wp\/v2\/pages\/3089","targetHints":{"allow":["GET"]}}],"collection":[{"href":"https:\/\/wellwithtlc.com\/es\/wp-json\/wp\/v2\/pages"}],"about":[{"href":"https:\/\/wellwithtlc.com\/es\/wp-json\/wp\/v2\/types\/page"}],"author":[{"embeddable":true,"href":"https:\/\/wellwithtlc.com\/es\/wp-json\/wp\/v2\/users\/1"}],"replies":[{"embeddable":true,"href":"https:\/\/wellwithtlc.com\/es\/wp-json\/wp\/v2\/comments?post=3089"}],"version-history":[{"count":0,"href":"https:\/\/wellwithtlc.com\/es\/wp-json\/wp\/v2\/pages\/3089\/revisions"}],"wp:featuredmedia":[{"embeddable":true,"href":"https:\/\/wellwithtlc.com\/es\/wp-json\/wp\/v2\/media\/3092"}],"wp:attachment":[{"href":"https:\/\/wellwithtlc.com\/es\/wp-json\/wp\/v2\/media?parent=3089"}],"curies":[{"name":"wp","href":"https:\/\/api.w.org\/{rel}","templated":true}]}}