{"id":3284,"date":"2025-03-19T11:34:22","date_gmt":"2025-03-19T16:34:22","guid":{"rendered":"https:\/\/wellwithtlc.com\/?page_id=3284"},"modified":"2025-03-19T14:03:29","modified_gmt":"2025-03-19T19:03:29","slug":"autism-evaluations","status":"publish","type":"page","link":"https:\/\/wellwithtlc.com\/es\/autism-evaluations\/","title":{"rendered":"Evaluaciones de autismo"},"content":{"rendered":"<p>En TLC Wellness, entendemos que cada ni\u00f1o es \u00fanico. Las evaluaciones de autismo nos ayudan a comprender mejor el desarrollo, la comunicaci\u00f3n y las habilidades sociales de su hijo. Nuestro equipo utiliza evaluaciones basadas en evidencia, como la Escala de Observaci\u00f3n Diagn\u00f3stica del Autismo (ADOS) y la Escala de Calificaci\u00f3n del Autismo Infantil (CARS-2), junto con entrevistas para brindar una evaluaci\u00f3n integral y personalizada.<\/p>\n<p>Nuestras evaluaciones de autismo est\u00e1n dise\u00f1adas para:<\/p>\n\u2022 Identificar fortalezas y \u00e1reas donde se puede necesitar apoyo.<br \/>\n\u2022 Ayudar a las familias a comprender el comportamiento y el estilo de aprendizaje de sus hijos.<br \/>\n\u2022 Ofrecer recomendaciones de servicios, terapias y apoyo educativo.\n<p>El proceso de evaluaci\u00f3n incluye tiempo dedicado a recopilar informaci\u00f3n, realizar pruebas y crear un informe personalizado. Los informes se entregan despu\u00e9s de recibir el pago.<\/p>\n\t\t\t\t<img loading=\"lazy\" decoding=\"async\" src=\"https:\/\/wellwithtlc.com\/wp-content\/uploads\/sites\/6\/2024\/10\/banner-Autism-Evaluations.jpg\" alt=\"A mother holding a smiling child at a playground.\" itemprop=\"image\" height=\"700\" width=\"1565\" onerror=\"this.style.display='none'\"  \/>\n\t\t\t\t<img loading=\"lazy\" decoding=\"async\" src=\"https:\/\/wellwithtlc.com\/wp-content\/uploads\/sites\/6\/2024\/10\/banner-Couples-Counseling2.jpg\" alt=\"A counseling session with a mother, father, and a young girl. The three are sitting on a couch together discussing a topic.\" itemprop=\"image\" height=\"700\" width=\"1565\" onerror=\"this.style.display='none'\"  \/>\n\t<h2>Signos de autismo en ni\u00f1os peque\u00f1os<\/h2>\n<p>Si nota alguno de los siguientes signos en su hijo, podr\u00eda ser el momento de buscar una evaluaci\u00f3n para obtener apoyo adicional:<\/p>\n\u2022 Contacto visual limitado o nulo<br \/>\n\u2022 Retrasos en el habla o comprensi\u00f3n del lenguaje.<br \/>\n\u2022 Movimientos repetitivos como aletear con las manos o girar.<br \/>\n\u2022 Reacciones inusuales a sonidos, texturas o luces.<br \/>\n\u2022 Dificultad con el juego de simulaci\u00f3n o las interacciones sociales.<br \/>\n\u2022 Fuerte apego a rutinas u objetos espec\u00edficos<br \/>\n\u2022 Dificultad para comprender las emociones de los dem\u00e1s o expresar las propias.<br \/>\n\u2022 Inter\u00e9s limitado en jugar con otros ni\u00f1os.\n<p>Si tiene inquietudes sobre el desarrollo de su hijo, estamos aqu\u00ed para ayudarle. Las evaluaciones y el apoyo tempranos pueden marcar una diferencia significativa.<\/p>\n\t<p>\u00bfListo para dar el siguiente paso? <\/p>\n<p><strong>\u00a1Programe una consulta gratuita con nosotros hoy!<\/strong> Hablemos sobre c\u00f3mo podemos hacer realidad tu visi\u00f3n. Haz clic en el enlace para reservar la hora que mejor te convenga.<\/p>\n\t\t\t<a href=\"https:\/\/wellwithtlc.com\/es\/contact\/\" target=\"_self\">\n\t\t\t\t\t\t\tPrograme una consulta gratuita\n\t\t\t\t\t<\/a>","protected":false},"excerpt":{"rendered":"<p>En TLC Wellness, entendemos que cada ni\u00f1o es \u00fanico. Las evaluaciones de autismo nos ayudan a comprender mejor el desarrollo, la comunicaci\u00f3n y las habilidades sociales de su hijo. Nuestro equipo utiliza evaluaciones basadas en evidencia, como la Escala de Observaci\u00f3n Diagn\u00f3stica del Autismo (ADOS) y la Escala de Calificaci\u00f3n del Autismo Infantil (CARS-2), junto con entrevistas para brindar una evaluaci\u00f3n integral y personalizada. Nuestras evaluaciones de autismo\u2026<\/p>","protected":false},"author":5,"featured_media":2882,"parent":0,"menu_order":0,"comment_status":"closed","ping_status":"closed","template":"","meta":{"_acf_changed":false,"content-type":"","footnotes":""},"class_list":["post-3284","page","type-page","status-publish","has-post-thumbnail","hentry"],"acf":[],"_links":{"self":[{"href":"https:\/\/wellwithtlc.com\/es\/wp-json\/wp\/v2\/pages\/3284","targetHints":{"allow":["GET"]}}],"collection":[{"href":"https:\/\/wellwithtlc.com\/es\/wp-json\/wp\/v2\/pages"}],"about":[{"href":"https:\/\/wellwithtlc.com\/es\/wp-json\/wp\/v2\/types\/page"}],"author":[{"embeddable":true,"href":"https:\/\/wellwithtlc.com\/es\/wp-json\/wp\/v2\/users\/5"}],"replies":[{"embeddable":true,"href":"https:\/\/wellwithtlc.com\/es\/wp-json\/wp\/v2\/comments?post=3284"}],"version-history":[{"count":0,"href":"https:\/\/wellwithtlc.com\/es\/wp-json\/wp\/v2\/pages\/3284\/revisions"}],"wp:featuredmedia":[{"embeddable":true,"href":"https:\/\/wellwithtlc.com\/es\/wp-json\/wp\/v2\/media\/2882"}],"wp:attachment":[{"href":"https:\/\/wellwithtlc.com\/es\/wp-json\/wp\/v2\/media?parent=3284"}],"curies":[{"name":"wp","href":"https:\/\/api.w.org\/{rel}","templated":true}]}}