{"id":3329,"date":"2025-05-08T07:16:05","date_gmt":"2025-05-08T12:16:05","guid":{"rendered":"https:\/\/wellwithtlc.com\/?page_id=3329"},"modified":"2026-01-05T11:50:15","modified_gmt":"2026-01-05T17:50:15","slug":"faq","status":"publish","type":"page","link":"https:\/\/wellwithtlc.com\/es\/faq\/","title":{"rendered":"Preguntas frecuentes"},"content":{"rendered":"<button id=\"-trigger-0\" aria-expanded=\"false\" aria-controls=\"-panel-0\">\n                    \u00bfAceptas seguro?                    \n                <\/button>\n                    <p>We currently take Aetna, Cigna, First Health, Independence Blue Cross, Keystone Health Plan East, Optum, Eisinger and Medicare.We also accept multiple EAP providers, including: Lyra, SpringHealth, Health Advocate, Allied Trades, and Mutual of Omaha.We are in the process of contracting with Carelon and Tricare.<a href=\"https:\/\/wellwithtlc.com\/wp-content\/uploads\/sites\/6\/2025\/05\/Insurance-Verification-Checklist.pdf\" target=\"_blank\" rel=\"noopener\"><strong>What to ask their insurance company before starting therapy.<\/strong><\/a><\/p>\n                                            <button id=\"-trigger-1\" aria-expanded=\"false\" aria-controls=\"-panel-1\">\n                    Mientras esperamos nuestros contratos de seguro:                    \n                <\/button>\n                    <p>Con gusto discutiremos una opci\u00f3n de escala m\u00f3vil para las sesiones hasta que lleguemos a un acuerdo con su seguro. Ll\u00e1menos para hablarlo. No podemos garantizar plazos para el seguro, ya que no podemos dictar su proceso y las aseguradoras no ofrecen plazos claros.<\/p>\n                                            <button id=\"-trigger-2\" aria-expanded=\"false\" aria-controls=\"-panel-2\">\n                    \u00bfQu\u00e9 es un EAP?                    \n                <\/button>\n                    <p>Un <strong>EAP<\/strong>, o <strong>Programa de asistencia al empleado<\/strong>Es un servicio gratuito y privado que ofrecen algunos empleos para ayudar a los trabajadores con problemas personales como el estr\u00e9s, la salud mental, los problemas familiares o el consumo de sustancias. Ofrece acceso a terapia, apoyo y recursos a corto plazo para sentirse mejor y mantenerse sanos tanto en el trabajo como en casa.<\/p>\n                                            <button id=\"-trigger-3\" aria-expanded=\"false\" aria-controls=\"-panel-3\">\n                    \u00bfCu\u00e1les son las tarifas de pago privado?                    \n                <\/button>\n                    <p>Las tarifas var\u00edan entre $100 y $150 por sesi\u00f3n, seg\u00fan el proveedor, el nivel de licencia y los a\u00f1os de experiencia. Con gusto podemos hablar sobre opciones de escala m\u00f3vil.<\/p>\n                                            <button id=\"-trigger-4\" aria-expanded=\"false\" aria-controls=\"-panel-4\">\n                    \u00bfTLC Wellness me proporcionar\u00e1 documentaci\u00f3n para que pueda enviarla a mi seguro para obtener un reembolso?                    \n                <\/button>\n                    <p>Yes- clinicians at TLC Wellness can provide what is called a &#8220;Super Bill.&#8221; This contains all of the necessary components for reimbursement.<\/p>\n                                            <button id=\"-trigger-5\" aria-expanded=\"false\" aria-controls=\"-panel-5\">\n                    \u00bfHay alg\u00fan cargo por cancelaciones tard\u00edas o no presentaci\u00f3n?                    \n                <\/button>\n                    <p>The first cancellation within 24 hours will be charged an initial $50 fee. After that cancellations within 24 hours will be charged in full.No-show, no-call appointments will be charged in full.<\/p>\n                                            <button id=\"-trigger-6\" aria-expanded=\"false\" aria-controls=\"-panel-6\">\n                    \u00bfPuedo usar mi tarjeta HSA para pagar las sesiones?                    \n                <\/button>\n                    <p>\u00a1S\u00ed! El pago se puede realizar con una cuenta HSA, tarjeta de cr\u00e9dito\/d\u00e9bito, cheque o efectivo.<\/p>\n                                            <button id=\"-trigger-7\" aria-expanded=\"false\" aria-controls=\"-panel-7\">\n                    \u00bfQu\u00e9 preguntas puedo hacerle a mi seguro?                    \n                <\/button>\n                    <ul><li>\u00bfTengo cobertura para servicios de salud mental o terapia?<\/li><li>\u00bfHay alg\u00fan copago o costo por cada sesi\u00f3n?<\/li><li>\u00bfNecesito aprobaci\u00f3n (autorizaci\u00f3n) antes de comenzar la terapia?<\/li><li>\u00bfCu\u00e1ntas sesiones se realizan cada a\u00f1o?<\/li><li>What happens if I see someone out-of-network-will insurance pay for any of it?<\/li><li>\u00bfHay alg\u00fan deducible que debo pagar antes de que el seguro me ayude a pagar?<\/li><li>\u00bfEst\u00e1n cubiertas las sesiones de terapia de telesalud (en l\u00ednea)?<\/li><\/ul>\n                                            <button id=\"-trigger-8\" aria-expanded=\"false\" aria-controls=\"-panel-8\">\n                    \u00bfEn qu\u00e9 estados ofreces terapia?                    \n                <\/button>\n                    <p>Gracias al beneficio de la telesalud, podemos reunirnos con clientes en Pensilvania, Nueva Jersey, Carolina del Norte, Delaware y Utah.<\/p>\n\t<p>\u00bfListo para dar el siguiente paso? <\/p>\n<p><strong>\u00a1Programe una consulta gratuita con nosotros hoy!<\/strong> Hablemos sobre c\u00f3mo podemos hacer realidad tu visi\u00f3n. Haz clic en el enlace para reservar la hora que mejor te convenga.<\/p>\n\t\t\t<a href=\"https:\/\/wellwithtlc.com\/es\/contact\/\" target=\"_self\">\n\t\t\t\t\t\t\tPrograme una consulta gratuita\n\t\t\t\t\t<\/a>","protected":false},"excerpt":{"rendered":"<p>Do you take insurance? We currently take Aetna, Cigna, First Health, Independence Blue Cross, Keystone Health Plan East, Optum, Eisinger and Medicare.We also accept multiple EAP providers, including: Lyra, SpringHealth, Health Advocate, Allied Trades, and Mutual of Omaha.We are in the process of contracting with Carelon and Tricare.What to ask their insurance company before starting&hellip;<\/p>","protected":false},"author":5,"featured_media":3051,"parent":0,"menu_order":0,"comment_status":"closed","ping_status":"closed","template":"","meta":{"_acf_changed":false,"content-type":"","footnotes":""},"class_list":["post-3329","page","type-page","status-publish","has-post-thumbnail","hentry"],"acf":[],"_links":{"self":[{"href":"https:\/\/wellwithtlc.com\/es\/wp-json\/wp\/v2\/pages\/3329","targetHints":{"allow":["GET"]}}],"collection":[{"href":"https:\/\/wellwithtlc.com\/es\/wp-json\/wp\/v2\/pages"}],"about":[{"href":"https:\/\/wellwithtlc.com\/es\/wp-json\/wp\/v2\/types\/page"}],"author":[{"embeddable":true,"href":"https:\/\/wellwithtlc.com\/es\/wp-json\/wp\/v2\/users\/5"}],"replies":[{"embeddable":true,"href":"https:\/\/wellwithtlc.com\/es\/wp-json\/wp\/v2\/comments?post=3329"}],"version-history":[{"count":0,"href":"https:\/\/wellwithtlc.com\/es\/wp-json\/wp\/v2\/pages\/3329\/revisions"}],"wp:featuredmedia":[{"embeddable":true,"href":"https:\/\/wellwithtlc.com\/es\/wp-json\/wp\/v2\/media\/3051"}],"wp:attachment":[{"href":"https:\/\/wellwithtlc.com\/es\/wp-json\/wp\/v2\/media?parent=3329"}],"curies":[{"name":"wp","href":"https:\/\/api.w.org\/{rel}","templated":true}]}}