{"id":912,"date":"2024-04-29T16:28:54","date_gmt":"2024-04-29T16:28:54","guid":{"rendered":"https:\/\/thelincolncenter.com\/?page_id=912"},"modified":"2025-04-10T12:31:07","modified_gmt":"2025-04-10T17:31:07","slug":"accessibility","status":"publish","type":"page","link":"https:\/\/wellwithtlc.com\/es\/accessibility\/","title":{"rendered":"Accesibilidad"},"content":{"rendered":"<p>El Lincoln Center se compromete a proporcionar un sitio web que sea accesible para todos.<\/p>\n<p>Este sitio web se esfuerza por cumplir con el nivel AA de las Pautas de accesibilidad al contenido web (WCAG) 2.2 y ha sido probado con tecnolog\u00edas de asistencia, incluidos analizadores de contraste de color, navegaci\u00f3n con teclado y una herramienta de evaluaci\u00f3n de accesibilidad del sitio web. Tambi\u00e9n hemos considerado cuestiones de usabilidad, yendo m\u00e1s all\u00e1 de los est\u00e1ndares m\u00ednimos de accesibilidad.<\/p>\n<p>Buscamos continuamente mejorar nuestro sitio web y nos comprometemos a hacerlo lo m\u00e1s accesible posible.<\/p>\n<p>Agradecemos cualquier comentario sobre la accesibilidad de este sitio web: <a href=\"https:\/\/wellwithtlc.com\/es\/contact\/\">Cont\u00e1ctenos<\/a><\/p>","protected":false},"excerpt":{"rendered":"<p>The Lincoln Center is committed to providing a website that is accessible to everyone. This website endeavors to meet Level AA of the Web Content Accessibility Guidelines (WCAG) 2.2 and has been tested with assistive technologies, including color contrast analyzers, keyboard navigation, and a website accessibility evaluation tool. We have also considered usability issues, going&hellip;<\/p>","protected":false},"author":1,"featured_media":0,"parent":0,"menu_order":0,"comment_status":"closed","ping_status":"closed","template":"","meta":{"_acf_changed":false,"content-type":"","footnotes":""},"class_list":["post-912","page","type-page","status-publish","hentry"],"acf":[],"_links":{"self":[{"href":"https:\/\/wellwithtlc.com\/es\/wp-json\/wp\/v2\/pages\/912","targetHints":{"allow":["GET"]}}],"collection":[{"href":"https:\/\/wellwithtlc.com\/es\/wp-json\/wp\/v2\/pages"}],"about":[{"href":"https:\/\/wellwithtlc.com\/es\/wp-json\/wp\/v2\/types\/page"}],"author":[{"embeddable":true,"href":"https:\/\/wellwithtlc.com\/es\/wp-json\/wp\/v2\/users\/1"}],"replies":[{"embeddable":true,"href":"https:\/\/wellwithtlc.com\/es\/wp-json\/wp\/v2\/comments?post=912"}],"version-history":[{"count":0,"href":"https:\/\/wellwithtlc.com\/es\/wp-json\/wp\/v2\/pages\/912\/revisions"}],"wp:attachment":[{"href":"https:\/\/wellwithtlc.com\/es\/wp-json\/wp\/v2\/media?parent=912"}],"curies":[{"name":"wp","href":"https:\/\/api.w.org\/{rel}","templated":true}]}}